{"id":16,"date":"2013-12-08T16:46:00","date_gmt":"2013-12-08T15:46:00","guid":{"rendered":"http:\/\/www.ullaphilipp.de\/?page_id=16"},"modified":"2025-10-22T13:17:01","modified_gmt":"2025-10-22T11:17:01","slug":"biographie","status":"publish","type":"page","link":"https:\/\/www.ullaphilipp.de\/?page_id=16","title":{"rendered":"BIOGRAFIE"},"content":{"rendered":"<p><a href=\"https:\/\/www.ullaphilipp.de\/wp-content\/uploads\/2025\/10\/Portraet-2025_2a-web.jpg\" data-rel=\"lightbox-image-0\" data-rl_title=\"\" data-rl_caption=\"\" title=\"\"><img loading=\"lazy\" decoding=\"async\" class=\"alignnone wp-image-1880 \" src=\"https:\/\/www.ullaphilipp.de\/wp-content\/uploads\/2025\/10\/Portraet-2025_2a-web.jpg\" alt=\"\" width=\"222\" height=\"287\" srcset=\"https:\/\/www.ullaphilipp.de\/wp-content\/uploads\/2025\/10\/Portraet-2025_2a-web.jpg 609w, https:\/\/www.ullaphilipp.de\/wp-content\/uploads\/2025\/10\/Portraet-2025_2a-web-232x300.jpg 232w\" sizes=\"auto, (max-width: 222px) 100vw, 222px\" \/><\/a><\/p>\n<p>1963<br \/>\nin Hamm in eine musizierende, malende und Theater spielende Gro\u00dffamilie hineingeboren,<br \/>\nim oberbayerischen Wallfahrtsort Alt\u00f6tting aufgewachsen<\/p>\n<p>1986 \u2013 1990<br \/>\nGesangsstudium in W\u00fcrzburg<\/p>\n<p>1987 &#8211; 2000<br \/>\nSchauspielausbildung, Engagements als Schauspielerin, S\u00e4ngerin und Regisseurin<br \/>\nu. a. \u00a0in Frankfurt, M\u00fcnchen, Dortmund, D\u00fcsseldorf, K\u00f6ln<\/p>\n<p>seit 1994<br \/>\nneue Ausdrucksmittel: Zeichnung und Malerei<\/p>\n<p>1996<br \/>\nUmzug nach K\u00f6ln<\/p>\n<p>Seit 2004<br \/>\nEinzel- und Gruppenausstellungen in K\u00f6ln und Umgebung, Malerei und Zeichnung<\/p>\n<p>2010<br \/>\ndas erste Flusskieselbild entsteht<\/p>\n<p>2007 \u2013 2015<br \/>\nEinzel- und Gemeinschaftsausstellungen im artclub K\u00f6ln<\/p>\n<p>2018<br \/>\nGr\u00fcndungsmitglied des KUNSTRAUM Grevy<\/p>\n","protected":false},"excerpt":{"rendered":"<p>1963 in Hamm in eine musizierende, malende und Theater spielende Gro\u00dffamilie hineingeboren, im oberbayerischen Wallfahrtsort Alt\u00f6tting aufgewachsen 1986 \u2013 1990 Gesangsstudium in W\u00fcrzburg 1987 &#8211; 2000 Schauspielausbildung, Engagements als Schauspielerin, S\u00e4ngerin und Regisseurin u. a. \u00a0in Frankfurt, M\u00fcnchen, Dortmund, D\u00fcsseldorf, K\u00f6ln seit 1994 neue Ausdrucksmittel: Zeichnung und Malerei 1996 Umzug nach K\u00f6ln Seit 2004 Einzel- &hellip; <a href=\"https:\/\/www.ullaphilipp.de\/?page_id=16\" class=\"more-link\"><span class=\"screen-reader-text\">BIOGRAFIE<\/span> weiterlesen <span class=\"meta-nav\">&rarr;<\/span><\/a><\/p>\n","protected":false},"author":2,"featured_media":0,"parent":0,"menu_order":0,"comment_status":"closed","ping_status":"closed","template":"","meta":{"footnotes":""},"class_list":["post-16","page","type-page","status-publish","hentry"],"_links":{"self":[{"href":"https:\/\/www.ullaphilipp.de\/index.php?rest_route=\/wp\/v2\/pages\/16","targetHints":{"allow":["GET"]}}],"collection":[{"href":"https:\/\/www.ullaphilipp.de\/index.php?rest_route=\/wp\/v2\/pages"}],"about":[{"href":"https:\/\/www.ullaphilipp.de\/index.php?rest_route=\/wp\/v2\/types\/page"}],"author":[{"embeddable":true,"href":"https:\/\/www.ullaphilipp.de\/index.php?rest_route=\/wp\/v2\/users\/2"}],"replies":[{"embeddable":true,"href":"https:\/\/www.ullaphilipp.de\/index.php?rest_route=%2Fwp%2Fv2%2Fcomments&post=16"}],"version-history":[{"count":40,"href":"https:\/\/www.ullaphilipp.de\/index.php?rest_route=\/wp\/v2\/pages\/16\/revisions"}],"predecessor-version":[{"id":1883,"href":"https:\/\/www.ullaphilipp.de\/index.php?rest_route=\/wp\/v2\/pages\/16\/revisions\/1883"}],"wp:attachment":[{"href":"https:\/\/www.ullaphilipp.de\/index.php?rest_route=%2Fwp%2Fv2%2Fmedia&parent=16"}],"curies":[{"name":"wp","href":"https:\/\/api.w.org\/{rel}","templated":true}]}}