{"id":324,"date":"2014-06-25T12:05:54","date_gmt":"2014-06-25T10:05:54","guid":{"rendered":"http:\/\/www.ullaphilipp.de\/?page_id=324"},"modified":"2025-06-09T13:00:01","modified_gmt":"2025-06-09T11:00:01","slug":"kontakt","status":"publish","type":"page","link":"https:\/\/www.ullaphilipp.de\/?page_id=324","title":{"rendered":"KONTAKT"},"content":{"rendered":"<p>Bitte nutzen Sie zur Kontaktaufnahme<br \/>\n<a href=\"mailto:Ulla%20Philipp%20%3Cullaphilipp@gmx.de%3E\">ullaphilipp(at)gmx.de<\/a><br \/>\nIch freue mich auf Ihre Anfragen und auch einfach \u00fcber Ihr Feedback!<\/p>\n<p>Links<\/p>\n<ul>\n<li><a href=\"https:\/\/grevy.art\/artist\/ulla-philipp\/\">Galerie Grevy K\u00f6ln Ulla Philipp<\/a><\/li>\n<li><a href=\"https:\/\/www.offene-ateliers-koeln.de\/\">Offene Ateliers BBK K\u00f6ln<\/a><\/li>\n<li><a href=\"http:\/\/www.artclub-galerie.de\/index.php\" target=\"_blank\" rel=\"noopener\">artclub K\u00f6ln<\/a><\/li>\n<li><a href=\"http:\/\/www.ulrichrojekprojekte.de\/index.php\/de\/\" target=\"_blank\" rel=\"noopener\">Ulrich Rojek Projekte<\/a><\/li>\n<li><a href=\"http:\/\/www.enterx.de\/\" target=\"_blank\" rel=\"noopener\">Ben Rojek enterx Websolutions<\/a><\/li>\n<li><a href=\"http:\/\/www.bp-grafikdesign.de\/\" target=\"_blank\" rel=\"noopener\">Bibi Philipp Grafikdesign<\/a><\/li>\n<li><a href=\"http:\/\/www.damianzimmermann.de\/\" target=\"_blank\" rel=\"noopener\">Damian Zimmermann Fotografie<\/a><\/li>\n<li><a href=\"https:\/\/www.hochbetten-koeln.de\/\" target=\"_blank\" rel=\"noopener\">Hochbetten K\u00f6ln<\/a><\/li>\n<\/ul>\n<p>Impressum<\/p>\n<p>Ulla Philipp<br \/>\nBonner Stra\u00dfe 16<br \/>\n50677 K\u00f6ln<br \/>\n0221 1696615<\/p>\n<div id=\"cc-m-5231334964\" class=\"n j-header\">\n<h3 id=\"cc-m-header-5231334964\">COPYRIGHT<\/h3>\n<\/div>\n<div id=\"cc-m-5231282064\" class=\"n j-text\">\n<p><span style=\"font-family: Arial; font-size: 10px;\">Die auf dieser Website ver\u00f6ffentlichten Inhalte unterliegen dem deutschen Urheber- und Leistungsschutzrecht. Jede vom deutschen Urheber- und Leistungsschutzrecht nicht zugelassene Verwertung bedarf der vorherigen schriftlichen Zustimmung des Anbieters oder jeweiligen Rechteinhabers. Dies gilt insbesondere f\u00fcr Vervielf\u00e4ltigung, Bearbeitung, \u00dcbersetzung, Einspeicherung, Verarbeitung bzw. Wiedergabe von Inhalten in Datenbanken oder anderen elektronischen Medien und Systemen. Inhalte und Rechte Dritter sind dabei als solche gekennzeichnet. Die unerlaubte Vervielf\u00e4ltigung oder Weitergabe einzelner Inhalte oder kompletter Seiten ist nicht gestattet und strafbar. Lediglich die Herstellung von Kopien und Downloads f\u00fcr den pers\u00f6nlichen, privaten und nicht kommerziellen Gebrauch ist erlaubt.<\/span><\/p>\n<\/div>\n<div id=\"cc-m-5231336064\" class=\"n j-hr\"><\/div>\n<div id=\"cc-m-5231284364\" class=\"n j-header\">\n<h3 id=\"cc-m-header-5231284364\">HAFTUNGSAUSSCHLUSS<\/h3>\n<\/div>\n<div id=\"cc-m-5231284764\" class=\"n j-text\">\n<p><span style=\"font-family: Arial; font-size: 10px;\">Diese Website enth\u00e4lt Verkn\u00fcpfungen zu Websites Dritter (&#8222;externe Links&#8220;). Diese Websites unterliegen der Haftung der jeweiligen Betreiber. Der Anbieter hat bei der erstmaligen Verkn\u00fcpfung der externen Links die fremden Inhalte daraufhin \u00fcberpr\u00fcft, ob etwaige Rechtsverst\u00f6\u00dfe bestehen. Zu dem Zeitpunkt waren keine Rechtsverst\u00f6\u00dfe ersichtlich. Der Anbieter hat keinerlei Einfluss auf die aktuelle und zuk\u00fcnftige Gestaltung und auf die Inhalte der verkn\u00fcpften Seiten. Das Setzen von externen Links bedeutet nicht, dass sich der Anbieter die hinter dem Verweis oder Link liegenden Inhalte zu Eigen macht. Eine st\u00e4ndige Kontrolle der externen Links ist f\u00fcr den Anbieter ohne konkrete Hinweise auf Rechtsverst\u00f6\u00dfe nicht zumutbar. Bei Kenntnis von Rechtsverst\u00f6\u00dfen werden jedoch derartige externe Links unverz\u00fcglich gel\u00f6scht.<\/span><\/p>\n<\/div>\n","protected":false},"excerpt":{"rendered":"<p>Bitte nutzen Sie zur Kontaktaufnahme ullaphilipp(at)gmx.de Ich freue mich auf Ihre Anfragen und auch einfach \u00fcber Ihr Feedback! Links Galerie Grevy K\u00f6ln Ulla Philipp Offene Ateliers BBK K\u00f6ln artclub K\u00f6ln Ulrich Rojek Projekte Ben Rojek enterx Websolutions Bibi Philipp Grafikdesign Damian Zimmermann Fotografie Hochbetten K\u00f6ln Impressum Ulla Philipp Bonner Stra\u00dfe 16 50677 K\u00f6ln 0221 1696615 &hellip; <a href=\"https:\/\/www.ullaphilipp.de\/?page_id=324\" class=\"more-link\"><span class=\"screen-reader-text\">KONTAKT<\/span> weiterlesen <span class=\"meta-nav\">&rarr;<\/span><\/a><\/p>\n","protected":false},"author":2,"featured_media":0,"parent":0,"menu_order":0,"comment_status":"closed","ping_status":"closed","template":"","meta":{"footnotes":""},"class_list":["post-324","page","type-page","status-publish","hentry"],"_links":{"self":[{"href":"https:\/\/www.ullaphilipp.de\/index.php?rest_route=\/wp\/v2\/pages\/324","targetHints":{"allow":["GET"]}}],"collection":[{"href":"https:\/\/www.ullaphilipp.de\/index.php?rest_route=\/wp\/v2\/pages"}],"about":[{"href":"https:\/\/www.ullaphilipp.de\/index.php?rest_route=\/wp\/v2\/types\/page"}],"author":[{"embeddable":true,"href":"https:\/\/www.ullaphilipp.de\/index.php?rest_route=\/wp\/v2\/users\/2"}],"replies":[{"embeddable":true,"href":"https:\/\/www.ullaphilipp.de\/index.php?rest_route=%2Fwp%2Fv2%2Fcomments&post=324"}],"version-history":[{"count":45,"href":"https:\/\/www.ullaphilipp.de\/index.php?rest_route=\/wp\/v2\/pages\/324\/revisions"}],"predecessor-version":[{"id":1795,"href":"https:\/\/www.ullaphilipp.de\/index.php?rest_route=\/wp\/v2\/pages\/324\/revisions\/1795"}],"wp:attachment":[{"href":"https:\/\/www.ullaphilipp.de\/index.php?rest_route=%2Fwp%2Fv2%2Fmedia&parent=324"}],"curies":[{"name":"wp","href":"https:\/\/api.w.org\/{rel}","templated":true}]}}